{"id":23214,"date":"2025-11-12T16:35:51","date_gmt":"2025-11-12T21:35:51","guid":{"rendered":"https:\/\/krugercorp.com\/?page_id=23214"},"modified":"2025-12-31T09:51:57","modified_gmt":"2025-12-31T14:51:57","slug":"contacto","status":"publish","type":"page","link":"https:\/\/krugercorp.com\/en\/contacto\/","title":{"rendered":"Contact"},"content":{"rendered":"\t\t<div data-elementor-type=\"wp-page\" data-elementor-id=\"23214\" class=\"elementor elementor-23214\" data-elementor-post-type=\"page\">\n\t\t\t\t<div class=\"elementor-element elementor-element-39f8133 e-flex e-con-boxed e-con e-parent\" data-id=\"39f8133\" data-element_type=\"container\" data-e-type=\"container\">\n\t\t\t\t\t<div class=\"e-con-inner\">\n\t\t<div class=\"elementor-element elementor-element-8ba48da e-con-full e-flex e-con e-child\" data-id=\"8ba48da\" data-element_type=\"container\" data-e-type=\"container\">\n\t\t\t\t<div class=\"elementor-element elementor-element-299e8f4 elementor-widget elementor-widget-heading\" data-id=\"299e8f4\" data-element_type=\"widget\" data-e-type=\"widget\" data-widget_type=\"heading.default\">\n\t\t\t\t\t<h2 class=\"elementor-heading-title elementor-size-default\">Contactos<\/h2>\t\t\t\t<\/div>\n\t\t\t\t<div class=\"elementor-element elementor-element-1f06c04 elementor-widget elementor-widget-spacer\" data-id=\"1f06c04\" data-element_type=\"widget\" data-e-type=\"widget\" data-widget_type=\"spacer.default\">\n\t\t\t\t\t\t\t<div class=\"elementor-spacer\">\n\t\t\t<div class=\"elementor-spacer-inner\"><\/div>\n\t\t<\/div>\n\t\t\t\t\t\t<\/div>\n\t\t\t\t<div class=\"elementor-element elementor-element-90313be elementor-invisible elementor-widget elementor-widget-image\" data-id=\"90313be\" data-element_type=\"widget\" data-e-type=\"widget\" data-settings=\"{&quot;_animation&quot;:&quot;fadeInRight&quot;}\" data-widget_type=\"image.default\">\n\t\t\t\t\t\t\t\t\t\t\t\t\t\t\t<img fetchpriority=\"high\" decoding=\"async\" width=\"539\" height=\"898\" src=\"https:\/\/krugercorp.com\/wp-content\/uploads\/2025\/11\/Kmaleon-Contactos-optm.webp\" class=\"attachment-1536x1536 size-1536x1536 wp-image-23168\" alt=\"\" srcset=\"https:\/\/krugercorp.com\/wp-content\/uploads\/2025\/11\/Kmaleon-Contactos-optm.webp 539w, https:\/\/krugercorp.com\/wp-content\/uploads\/2025\/11\/Kmaleon-Contactos-optm-180x300.webp 180w\" sizes=\"(max-width: 539px) 100vw, 539px\" \/>\t\t\t\t\t\t\t\t\t\t\t\t\t\t\t<\/div>\n\t\t\t\t<\/div>\n\t\t<div class=\"elementor-element elementor-element-3b124d1 e-con-full e-flex e-con e-child\" data-id=\"3b124d1\" data-element_type=\"container\" data-e-type=\"container\">\n\t\t\t\t<div class=\"elementor-element elementor-element-10f1c30 elementor-widget elementor-widget-html\" data-id=\"10f1c30\" data-element_type=\"widget\" data-e-type=\"widget\" data-widget_type=\"html.default\">\n\t\t\t\t\t<!-- 1) Lugar donde quieres el formulario -->\n<div id=\"form-container\" style=\"max-width:600px;margin:auto\"><\/div>\n\n<!-- 2) Script de NetHunt -->\n<script async src=\"https:\/\/nethunt.com\/service\/automation\/forms\/693b387d3fc2ba9578f8ceec?embed=script\"><\/script>\n\n<!-- 3) Inicializaci\u00f3n cuando el DOM est\u00e9 listo -->\n<script>\n  function nhform(){ (nhform.data||(nhform.data=[])).push(arguments); }\n  window.addEventListener('DOMContentLoaded', function () {\n    nhform('container', document.getElementById('form-container')); \/\/ incrustado\n    nhform('show', true); \/\/ mostrarlo en ese contenedor (no pop-up)\n  });\n<\/script>\t\t\t\t<\/div>\n\t\t\t\t<\/div>\n\t\t\t\t\t<\/div>\n\t\t\t\t<\/div>\n\t\t<div class=\"elementor-element elementor-element-6d16acb3 e-con-full elementor-hidden-widescreen elementor-hidden-desktop elementor-hidden-laptop elementor-hidden-tablet_extra elementor-hidden-tablet elementor-hidden-mobile e-flex e-con e-parent\" data-id=\"6d16acb3\" data-element_type=\"container\" data-e-type=\"container\" data-settings=\"{&quot;background_background&quot;:&quot;slideshow&quot;,&quot;background_slideshow_gallery&quot;:[{&quot;id&quot;:1241,&quot;url&quot;:&quot;https:\\\/\\\/krugercorp.com\\\/wp-content\\\/uploads\\\/2025\\\/11\\\/abstract-orangelit-tunnel-that-veers-into-obscurity-3d-rendering-copia-scaled.webp&quot;},{&quot;id&quot;:22768,&quot;url&quot;:&quot;https:\\\/\\\/krugercorp.com\\\/wp-content\\\/uploads\\\/2025\\\/11\\\/krugerworldwide_A_suspended_futuristic_chamber_in_deep_space_wi_2cc71200-a69d-42fb-acaa-60c39b365ab6.webp&quot;},{&quot;id&quot;:22770,&quot;url&quot;:&quot;https:\\\/\\\/krugercorp.com\\\/wp-content\\\/uploads\\\/2025\\\/11\\\/krugerworldwide_A_futuristic_semi-spherical_3D_space_scene_with_44a8b150-1d6c-40ad-b646-edfb9a3dce7f-copia.webp&quot;}],&quot;background_slideshow_ken_burns&quot;:&quot;yes&quot;,&quot;background_slideshow_loop&quot;:&quot;yes&quot;,&quot;background_slideshow_slide_duration&quot;:5000,&quot;background_slideshow_slide_transition&quot;:&quot;fade&quot;,&quot;background_slideshow_transition_duration&quot;:500,&quot;background_slideshow_ken_burns_zoom_direction&quot;:&quot;in&quot;}\">\n\t\t<div class=\"elementor-element elementor-element-71aadd0a e-grid e-con-boxed e-con e-child\" data-id=\"71aadd0a\" data-element_type=\"container\" data-e-type=\"container\">\n\t\t\t\t\t<div class=\"e-con-inner\">\n\t\t<div class=\"elementor-element elementor-element-134a89eb e-con-full e-flex elementor-invisible e-con e-child\" data-id=\"134a89eb\" data-element_type=\"container\" data-e-type=\"container\" data-settings=\"{&quot;animation&quot;:&quot;fadeInLeft&quot;,&quot;animation_widescreen&quot;:&quot;none&quot;}\">\n\t\t\t\t<div class=\"elementor-element elementor-element-32e9c916 elementor-widget elementor-widget-heading\" data-id=\"32e9c916\" data-element_type=\"widget\" data-e-type=\"widget\" data-widget_type=\"heading.default\">\n\t\t\t\t\t<h2 class=\"elementor-heading-title elementor-size-default\">Contactos<\/h2>\t\t\t\t<\/div>\n\t\t\t\t<div class=\"elementor-element elementor-element-1f60e150 elementor-widget elementor-widget-spacer\" data-id=\"1f60e150\" data-element_type=\"widget\" data-e-type=\"widget\" data-widget_type=\"spacer.default\">\n\t\t\t\t\t\t\t<div class=\"elementor-spacer\">\n\t\t\t<div class=\"elementor-spacer-inner\"><\/div>\n\t\t<\/div>\n\t\t\t\t\t\t<\/div>\n\t\t\t\t<\/div>\n\t\t\t\t<div class=\"elementor-element elementor-element-71dbaa27 elementor-invisible elementor-widget elementor-widget-image\" data-id=\"71dbaa27\" data-element_type=\"widget\" data-e-type=\"widget\" data-settings=\"{&quot;_animation&quot;:&quot;fadeInRight&quot;}\" data-widget_type=\"image.default\">\n\t\t\t\t\t\t\t\t\t\t\t\t\t\t\t<img fetchpriority=\"high\" decoding=\"async\" width=\"539\" height=\"898\" src=\"https:\/\/krugercorp.com\/wp-content\/uploads\/2025\/11\/Kmaleon-Contactos-optm.webp\" class=\"attachment-1536x1536 size-1536x1536 wp-image-23168\" alt=\"\" srcset=\"https:\/\/krugercorp.com\/wp-content\/uploads\/2025\/11\/Kmaleon-Contactos-optm.webp 539w, https:\/\/krugercorp.com\/wp-content\/uploads\/2025\/11\/Kmaleon-Contactos-optm-180x300.webp 180w\" sizes=\"(max-width: 539px) 100vw, 539px\" \/>\t\t\t\t\t\t\t\t\t\t\t\t\t\t\t<\/div>\n\t\t\t\t\t<\/div>\n\t\t\t\t<\/div>\n\t\t\t\t<\/div>\n\t\t<div class=\"elementor-element elementor-element-87cf8dc elementor-hidden-widescreen elementor-hidden-desktop elementor-hidden-laptop elementor-hidden-tablet_extra elementor-hidden-tablet elementor-hidden-mobile e-flex e-con-boxed e-con e-parent\" data-id=\"87cf8dc\" data-element_type=\"container\" data-e-type=\"container\" data-settings=\"{&quot;background_background&quot;:&quot;classic&quot;}\">\n\t\t\t\t\t<div class=\"e-con-inner\">\n\t\t\t\t<div class=\"elementor-element elementor-element-512f6c4b elementor-widget__width-initial elementor-widget elementor-widget-text-editor\" data-id=\"512f6c4b\" data-element_type=\"widget\" data-e-type=\"widget\" data-widget_type=\"text-editor.default\">\n\t\t\t\t\t\t\t\t\t<p>Para preguntas espec\u00edficas, <strong>ponte en contacto<\/strong> a trav\u00e9s del siguiente formulario.<\/p>\t\t\t\t\t\t\t\t<\/div>\n\t\t\t\t<div class=\"elementor-element elementor-element-2de311bb elementor-widget__width-initial elementor-widget elementor-widget-text-editor\" data-id=\"2de311bb\" data-element_type=\"widget\" data-e-type=\"widget\" data-widget_type=\"text-editor.default\">\n\t\t\t\t\t\t\t\t\t<p>Gracias por tu inter\u00e9s en los servicios de Kruger. Por favor, proporciona la siguiente informaci\u00f3n sobre las necesidades de tu negocio para que podamos atenderte mejor. Esta informaci\u00f3n nos permitir\u00e1 dirigir tu solicitud a la persona adecuada. Deber\u00edas recibir una respuesta en uno o dos d\u00edas h\u00e1biles.<\/p>\t\t\t\t\t\t\t\t<\/div>\n\t\t\t\t\t<\/div>\n\t\t\t\t<\/div>\n\t\t<div class=\"elementor-element elementor-element-203baf66 elementor-hidden-widescreen elementor-hidden-desktop elementor-hidden-laptop elementor-hidden-tablet_extra elementor-hidden-tablet elementor-hidden-mobile e-flex e-con-boxed e-con e-parent\" data-id=\"203baf66\" data-element_type=\"container\" data-e-type=\"container\">\n\t\t\t\t\t<div class=\"e-con-inner\">\n\t\t\t\t<div class=\"elementor-element elementor-element-1a9db7ae elementor-widget elementor-widget-spacer\" data-id=\"1a9db7ae\" data-element_type=\"widget\" data-e-type=\"widget\" data-widget_type=\"spacer.default\">\n\t\t\t\t\t\t\t<div class=\"elementor-spacer\">\n\t\t\t<div class=\"elementor-spacer-inner\"><\/div>\n\t\t<\/div>\n\t\t\t\t\t\t<\/div>\n\t\t\t\t\t<\/div>\n\t\t\t\t<\/div>\n\t\t<div class=\"elementor-element elementor-element-4fd4752 elementor-hidden-widescreen elementor-hidden-desktop elementor-hidden-laptop elementor-hidden-tablet_extra elementor-hidden-tablet elementor-hidden-mobile e-flex e-con-boxed e-con e-parent\" data-id=\"4fd4752\" data-element_type=\"container\" data-e-type=\"container\">\n\t\t\t\t\t<div class=\"e-con-inner\">\n\t\t<div class=\"elementor-element elementor-element-29a892ab e-con-full e-flex e-con e-child\" data-id=\"29a892ab\" data-element_type=\"container\" data-e-type=\"container\">\n\t\t\t\t<div class=\"elementor-element elementor-element-29822932 elementor-widget elementor-widget-html\" data-id=\"29822932\" data-element_type=\"widget\" data-e-type=\"widget\" data-widget_type=\"html.default\">\n\t\t\t\t\t<!-- 1) Lugar donde quieres el formulario -->\n<div id=\"form-container\" style=\"max-width:600px;margin:auto\"><\/div>\n\n<!-- 2) Script de NetHunt -->\n<script async src=\"https:\/\/nethunt.com\/service\/automation\/forms\/693b387d3fc2ba9578f8ceec?embed=script\"><\/script>\n\n<!-- 3) Inicializaci\u00f3n cuando el DOM est\u00e9 listo -->\n<script>\n  function nhform(){ (nhform.data||(nhform.data=[])).push(arguments); }\n  window.addEventListener('DOMContentLoaded', function () {\n    nhform('container', document.getElementById('form-container')); \/\/ incrustado\n    nhform('show', true); \/\/ mostrarlo en ese contenedor (no pop-up)\n  });\n<\/script>\t\t\t\t<\/div>\n\t\t\t\t<div class=\"elementor-element elementor-element-2f4cb37 elementor-widget__width-initial elementor-hidden-widescreen elementor-hidden-desktop elementor-hidden-laptop elementor-hidden-tablet_extra elementor-hidden-tablet elementor-hidden-mobile elementor-widget elementor-widget-image\" data-id=\"2f4cb37\" data-element_type=\"widget\" data-e-type=\"widget\" data-widget_type=\"image.default\">\n\t\t\t\t\t\t\t\t\t\t\t\t\t\t\t<img decoding=\"async\" width=\"580\" height=\"846\" src=\"https:\/\/krugercorp.com\/wp-content\/uploads\/2025\/11\/Kmaleon-form-optm.webp\" class=\"attachment-large size-large wp-image-23189\" alt=\"\" srcset=\"https:\/\/krugercorp.com\/wp-content\/uploads\/2025\/11\/Kmaleon-form-optm.webp 632w, https:\/\/krugercorp.com\/wp-content\/uploads\/2025\/11\/Kmaleon-form-optm-206x300.webp 206w\" sizes=\"(max-width: 580px) 100vw, 580px\" \/>\t\t\t\t\t\t\t\t\t\t\t\t\t\t\t<\/div>\n\t\t\t\t<\/div>\n\t\t\t\t\t<\/div>\n\t\t\t\t<\/div>\n\t\t<div class=\"elementor-element elementor-element-6dccb3b5 elementor-hidden-widescreen elementor-hidden-desktop elementor-hidden-laptop elementor-hidden-tablet_extra elementor-hidden-tablet elementor-hidden-mobile e-flex e-con-boxed e-con e-parent\" data-id=\"6dccb3b5\" data-element_type=\"container\" data-e-type=\"container\">\n\t\t\t\t\t<div class=\"e-con-inner\">\n\t\t\t\t<div class=\"elementor-element elementor-element-7d273fd2 elementor-widget elementor-widget-spacer\" data-id=\"7d273fd2\" data-element_type=\"widget\" data-e-type=\"widget\" data-widget_type=\"spacer.default\">\n\t\t\t\t\t\t\t<div class=\"elementor-spacer\">\n\t\t\t<div class=\"elementor-spacer-inner\"><\/div>\n\t\t<\/div>\n\t\t\t\t\t\t<\/div>\n\t\t\t\t\t<\/div>\n\t\t\t\t<\/div>\n\t\t\t\t<\/div>\n\t\t","protected":false},"excerpt":{"rendered":"<p>Contactos Contactos Para preguntas espec\u00edficas, ponte en contacto a trav\u00e9s del siguiente formulario. Gracias por tu inter\u00e9s en los servicios de Kruger. Por favor, proporciona la siguiente informaci\u00f3n sobre las necesidades de tu negocio para que podamos atenderte mejor. Esta informaci\u00f3n nos permitir\u00e1 dirigir tu solicitud a la persona adecuada. Deber\u00edas recibir una respuesta en [&hellip;]<\/p>\n","protected":false},"author":1,"featured_media":0,"parent":0,"menu_order":0,"comment_status":"closed","ping_status":"closed","template":"elementor_header_footer","meta":{"footnotes":""},"class_list":["post-23214","page","type-page","status-publish","hentry"],"_links":{"self":[{"href":"https:\/\/krugercorp.com\/en\/wp-json\/wp\/v2\/pages\/23214","targetHints":{"allow":["GET"]}}],"collection":[{"href":"https:\/\/krugercorp.com\/en\/wp-json\/wp\/v2\/pages"}],"about":[{"href":"https:\/\/krugercorp.com\/en\/wp-json\/wp\/v2\/types\/page"}],"author":[{"embeddable":true,"href":"https:\/\/krugercorp.com\/en\/wp-json\/wp\/v2\/users\/1"}],"replies":[{"embeddable":true,"href":"https:\/\/krugercorp.com\/en\/wp-json\/wp\/v2\/comments?post=23214"}],"version-history":[{"count":36,"href":"https:\/\/krugercorp.com\/en\/wp-json\/wp\/v2\/pages\/23214\/revisions"}],"predecessor-version":[{"id":26902,"href":"https:\/\/krugercorp.com\/en\/wp-json\/wp\/v2\/pages\/23214\/revisions\/26902"}],"wp:attachment":[{"href":"https:\/\/krugercorp.com\/en\/wp-json\/wp\/v2\/media?parent=23214"}],"curies":[{"name":"wp","href":"https:\/\/api.w.org\/{rel}","templated":true}]}}